{"id":16,"date":"2017-05-16T13:40:41","date_gmt":"2017-05-16T13:40:41","guid":{"rendered":"http:\/\/themes.getmotopress.com\/oceanica\/?page_id=16"},"modified":"2024-07-24T15:59:47","modified_gmt":"2024-07-24T12:59:47","slug":"hotel","status":"publish","type":"page","link":"https:\/\/royalsuitesbesiktas.com.tr\/en\/","title":{"rendered":"Home Page"},"content":{"rendered":"<h3 class=\"text-center\" style=\"text-align: center;\">Royal Suites Besiktas<\/h3>\n<p class=\"text-center\" style=\"text-align: center;\">Single Room: 47 Euro, Double Room: 60 Euro, Triple Room: 75 Euro, Family Room (4 Persons): 90 Euro Please email us at info@royalsuitesbesiktas.com.tr or call us at +90 212 2364422 for all your reservations and special discounts that vary depending on the day. Unfortunately our hotel is not suitable for disabled people !!!<\/p>","protected":false},"excerpt":{"rendered":"<p>Royal Suites Besiktas Tek Ki\u015filik Oda: 47 Euro, \u00c7ift Ki\u015filik Oda: 60 Euro, \u00dc\u00e7 Ki\u015filik Oda: 75 Euro, Aile Odas\u0131 (4 Ki\u015filik): 90 Euro L\u00fctfen t\u00fcm rezervasyonlar\u0131n\u0131z ve g\u00fcne g\u00f6re de\u011fi\u015fen \u00f6zel indirimler i\u00e7in info@royalsuitesbesiktas.com.tr adresine e-mail at\u0131n veya +90 212 2364422 numaras\u0131ndan bizi aray\u0131n. Otelimiz maalesef engellilere uygun de\u011fildir !!!<\/p>","protected":false},"author":1,"featured_media":469,"parent":0,"menu_order":0,"comment_status":"closed","ping_status":"closed","template":"template-front-page.php","meta":{"footnotes":""},"class_list":["post-16","page","type-page","status-publish","has-post-thumbnail","hentry"],"_links":{"self":[{"href":"https:\/\/royalsuitesbesiktas.com.tr\/en\/wp-json\/wp\/v2\/pages\/16","targetHints":{"allow":["GET"]}}],"collection":[{"href":"https:\/\/royalsuitesbesiktas.com.tr\/en\/wp-json\/wp\/v2\/pages"}],"about":[{"href":"https:\/\/royalsuitesbesiktas.com.tr\/en\/wp-json\/wp\/v2\/types\/page"}],"author":[{"embeddable":true,"href":"https:\/\/royalsuitesbesiktas.com.tr\/en\/wp-json\/wp\/v2\/users\/1"}],"replies":[{"embeddable":true,"href":"https:\/\/royalsuitesbesiktas.com.tr\/en\/wp-json\/wp\/v2\/comments?post=16"}],"version-history":[{"count":3,"href":"https:\/\/royalsuitesbesiktas.com.tr\/en\/wp-json\/wp\/v2\/pages\/16\/revisions"}],"predecessor-version":[{"id":546,"href":"https:\/\/royalsuitesbesiktas.com.tr\/en\/wp-json\/wp\/v2\/pages\/16\/revisions\/546"}],"wp:featuredmedia":[{"embeddable":true,"href":"https:\/\/royalsuitesbesiktas.com.tr\/en\/wp-json\/wp\/v2\/media\/469"}],"wp:attachment":[{"href":"https:\/\/royalsuitesbesiktas.com.tr\/en\/wp-json\/wp\/v2\/media?parent=16"}],"curies":[{"name":"wp","href":"https:\/\/api.w.org\/{rel}","templated":true}]}}