{"id":366,"date":"2017-06-07T19:31:44","date_gmt":"2017-06-07T19:31:44","guid":{"rendered":"http:\/\/themes.getmotopress.com\/oceanica\/?page_id=366"},"modified":"2024-07-22T20:10:19","modified_gmt":"2024-07-22T17:10:19","slug":"rezervasyon-yapin","status":"publish","type":"page","link":"https:\/\/royalsuitesbesiktas.com.tr\/en\/rezervasyon-yapin","title":{"rendered":"Make a Reservation"},"content":{"rendered":"<p>Giri\u015f ve \u00e7\u0131k\u0131\u015f tarihlerinizi ve ki\u015fi say\u0131n\u0131z\u0131 belirtin &#8211; en iyi oda fiyat\u0131n\u0131 bulun ve kolayca online rezervasyon yap\u0131n.<\/p>\n<div class=\"mphb_sc_search-wrapper\"><form method=\"GET\" class=\"mphb_sc_search-form\" action=\"https:\/\/royalsuitesbesiktas.com.tr\/en\/oda-ara\/\" data-trp-original-action=\"https:\/\/royalsuitesbesiktas.com.tr\/en\/oda-ara\">\r\n\r\n\t<p class = \"mphb-required-fields-tip\">\r\n\t<small>\r\n\t\tRequired fields are followed by\t\t<abbr title=\"required\">*<\/abbr>\r\n\t<\/small>\r\n<\/p>\r\n\t<p class=\"mphb_sc_search-check-in-date\">\r\n\t\t<label for=\"mphb_check_in_date-mphb-search-form-69e395aa18929\">\r\n\t\t\tCheck-in\t\t\t<abbr title=\"Formatted as dd\/mm\/yyyy\">*<\/abbr>\r\n\t\t<\/label>\r\n\t\t<br \/>\r\n\t\t<input\r\n\t\t\tid=\"mphb_check_in_date-mphb-search-form-69e395aa18929\"\r\n\t\t\tdata-datepick-group=\"mphb-search-form-69e395aa18929\"\r\n\t\t\tvalue=\"\"\r\n\t\t\tplaceholder=\"Check-in Date\"\r\n\t\t\trequired=\"required\"\r\n\t\t\ttype=\"text\"\r\n\t\t\tname=\"mphb_check_in_date\"\r\n\t\t\tclass=\"mphb-datepick\"\r\n\t\t\tautocomplete=\"off\"\r\n\t\t\t\/>\r\n\t<\/p>\r\n\r\n\t<p class=\"mphb_sc_search-check-out-date\">\r\n\t\t<label for=\"mphb_check_out_date-mphb-search-form-69e395aa18929\">\r\n\t\t\tCheck-out\t\t\t<abbr title=\"Formatted as dd\/mm\/yyyy\">*<\/abbr>\r\n\t\t<\/label>\r\n\t\t<br \/>\r\n\t\t<input\r\n\t\t\tid=\"mphb_check_out_date-mphb-search-form-69e395aa18929\"\r\n\t\t\tdata-datepick-group=\"mphb-search-form-69e395aa18929\"\r\n\t\t\tvalue=\"\"\r\n\t\t\tplaceholder=\"Check-out Date\"\r\n\t\t\trequired=\"required\"\r\n\t\t\ttype=\"text\"\r\n\t\t\tname=\"mphb_check_out_date\"\r\n\t\t\tclass=\"mphb-datepick\"\r\n\t\t\tautocomplete=\"off\"\r\n\t\t\t\/>\r\n\t<\/p>\r\n\r\n\t\t\t<p class=\"mphb_sc_search-adults\">\r\n\t\t\t<label for=\"mphb_adults-mphb-search-form-69e395aa18929\">\r\n\t\t\t\tAdults\t\t\t<\/label>\r\n\t\t\t<br \/>\r\n\t\t\t<select id=\"mphb_adults-mphb-search-form-69e395aa18929\" name=\"mphb_adults\" >\r\n\t\t\t\t\t\t\t\t\t<option value=\"1\"  selected='selected'>1<\/option>\r\n\t\t\t\t\t\t\t\t\t<option value=\"2\" >2<\/option>\r\n\t\t\t\t\t\t\t\t\t<option value=\"3\" >3<\/option>\r\n\t\t\t\t\t\t\t\t\t<option value=\"4\" >4<\/option>\r\n\t\t\t\t\t\t\t\t\t<option value=\"5\" >5<\/option>\r\n\t\t\t\t\t\t\t\t\t<option value=\"6\" >6<\/option>\r\n\t\t\t\t\t\t\t\t\t<option value=\"7\" >7<\/option>\r\n\t\t\t\t\t\t\t\t\t<option value=\"8\" >8<\/option>\r\n\t\t\t\t\t\t\t\t\t<option value=\"9\" >9<\/option>\r\n\t\t\t\t\t\t\t\t\t<option value=\"10\" >10<\/option>\r\n\t\t\t\t\t\t\t\t\t<option value=\"11\" >11<\/option>\r\n\t\t\t\t\t\t\t\t\t<option value=\"12\" >12<\/option>\r\n\t\t\t\t\t\t\t\t\t<option value=\"13\" >13<\/option>\r\n\t\t\t\t\t\t\t\t\t<option value=\"14\" >14<\/option>\r\n\t\t\t\t\t\t\t\t\t<option value=\"15\" >15<\/option>\r\n\t\t\t\t\t\t\t\t\t<option value=\"16\" >16<\/option>\r\n\t\t\t\t\t\t\t\t\t<option value=\"17\" >17<\/option>\r\n\t\t\t\t\t\t\t\t\t<option value=\"18\" >18<\/option>\r\n\t\t\t\t\t\t\t\t\t<option value=\"19\" >19<\/option>\r\n\t\t\t\t\t\t\t\t\t<option value=\"20\" >20<\/option>\r\n\t\t\t\t\t\t\t\t\t<option value=\"21\" >21<\/option>\r\n\t\t\t\t\t\t\t\t\t<option value=\"22\" >22<\/option>\r\n\t\t\t\t\t\t\t\t\t<option value=\"23\" >23<\/option>\r\n\t\t\t\t\t\t\t\t\t<option value=\"24\" >24<\/option>\r\n\t\t\t\t\t\t\t\t\t<option value=\"25\" >25<\/option>\r\n\t\t\t\t\t\t\t\t\t<option value=\"26\" >26<\/option>\r\n\t\t\t\t\t\t\t\t\t<option value=\"27\" >27<\/option>\r\n\t\t\t\t\t\t\t\t\t<option value=\"28\" >28<\/option>\r\n\t\t\t\t\t\t\t\t\t<option value=\"29\" >29<\/option>\r\n\t\t\t\t\t\t\t\t\t<option value=\"30\" >30<\/option>\r\n\t\t\t\t\t\t\t<\/select>\r\n\t\t<\/p>\r\n\t\r\n\t\t\t<p class=\"mphb_sc_search-children\">\r\n\t\t\t<label for=\"mphb_children-mphb-search-form-69e395aa18929\">\r\n\t\t\t\tChildren\t\t\t<\/label>\r\n\t\t\t<br \/>\r\n\t\t\t<select id=\"mphb_children-mphb-search-form-69e395aa18929\" name=\"mphb_children\">\r\n\t\t\t\t\t\t\t\t\t<option value=\"0\"  selected='selected'>0<\/option>\r\n\t\t\t\t\t\t\t\t\t<option value=\"1\" >1<\/option>\r\n\t\t\t\t\t\t\t\t\t<option value=\"2\" >2<\/option>\r\n\t\t\t\t\t\t\t\t\t<option value=\"3\" >3<\/option>\r\n\t\t\t\t\t\t\t\t\t<option value=\"4\" >4<\/option>\r\n\t\t\t\t\t\t\t\t\t<option value=\"5\" >5<\/option>\r\n\t\t\t\t\t\t\t\t\t<option value=\"6\" >6<\/option>\r\n\t\t\t\t\t\t\t\t\t<option value=\"7\" >7<\/option>\r\n\t\t\t\t\t\t\t\t\t<option value=\"8\" >8<\/option>\r\n\t\t\t\t\t\t\t\t\t<option value=\"9\" >9<\/option>\r\n\t\t\t\t\t\t\t\t\t<option value=\"10\" >10<\/option>\r\n\t\t\t\t\t\t\t<\/select>\r\n\t\t<\/p>\r\n\t\r\n\t\r\n\t\r\n\t<input id=\"mphb_check_in_date-mphb-search-form-69e395aa18929-hidden\" value=\"\" type=\"hidden\" name=\"mphb_check_in_date\" \/><input id=\"mphb_check_out_date-mphb-search-form-69e395aa18929-hidden\" value=\"\" type=\"hidden\" name=\"mphb_check_out_date\" \/>\r\n\t<p class=\"mphb_sc_search-submit-button-wrapper\">\r\n\t\t<input type=\"submit\" class=\"button\" value=\"Search\"\/>\r\n\t<\/p>\r\n\r\n\t\r\n<input type=\"hidden\" name=\"trp-form-language\" value=\"en\"\/><\/form><\/div>","protected":false},"excerpt":{"rendered":"<p>Online reservation at Oceanica is quick and simple <\/p>","protected":false},"author":1,"featured_media":0,"parent":0,"menu_order":0,"comment_status":"closed","ping_status":"closed","template":"template-full-width-grid-page.php","meta":{"footnotes":""},"class_list":["post-366","page","type-page","status-publish","hentry"],"_links":{"self":[{"href":"https:\/\/royalsuitesbesiktas.com.tr\/en\/wp-json\/wp\/v2\/pages\/366","targetHints":{"allow":["GET"]}}],"collection":[{"href":"https:\/\/royalsuitesbesiktas.com.tr\/en\/wp-json\/wp\/v2\/pages"}],"about":[{"href":"https:\/\/royalsuitesbesiktas.com.tr\/en\/wp-json\/wp\/v2\/types\/page"}],"author":[{"embeddable":true,"href":"https:\/\/royalsuitesbesiktas.com.tr\/en\/wp-json\/wp\/v2\/users\/1"}],"replies":[{"embeddable":true,"href":"https:\/\/royalsuitesbesiktas.com.tr\/en\/wp-json\/wp\/v2\/comments?post=366"}],"version-history":[{"count":1,"href":"https:\/\/royalsuitesbesiktas.com.tr\/en\/wp-json\/wp\/v2\/pages\/366\/revisions"}],"predecessor-version":[{"id":444,"href":"https:\/\/royalsuitesbesiktas.com.tr\/en\/wp-json\/wp\/v2\/pages\/366\/revisions\/444"}],"wp:attachment":[{"href":"https:\/\/royalsuitesbesiktas.com.tr\/en\/wp-json\/wp\/v2\/media?parent=366"}],"curies":[{"name":"wp","href":"https:\/\/api.w.org\/{rel}","templated":true}]}}