{"id":368,"date":"2017-06-07T19:40:14","date_gmt":"2017-06-07T19:40:14","guid":{"rendered":"http:\/\/themes.getmotopress.com\/oceanica\/?page_id=368"},"modified":"2024-07-22T21:20:03","modified_gmt":"2024-07-22T18:20:03","slug":"ozel-rezervasyonlar","status":"publish","type":"page","link":"https:\/\/royalsuitesbesiktas.com.tr\/en\/ozel-rezervasyonlar","title":{"rendered":"Special Reservations"},"content":{"rendered":"<p style=\"text-align: center;\">\u0130\u015fte Royal Suites Be\u015fita\u015f Hotel&#8217;deki g\u00fcncel teklifler listesi. Ki\u015fisel ve i\u015f seyahatleri i\u00e7in sunabilece\u011fimiz bir\u00e7ok ilgin\u00e7 \u015fey var. Teklifler d\u00fczenli olarak g\u00fcncellenmektedir, bu nedenle m\u00fckemmel teklifinizi takip etti\u011finizden emin olun!<\/p>","protected":false},"excerpt":{"rendered":"<p>En iyi teklifinizi bulun.<\/p>","protected":false},"author":1,"featured_media":0,"parent":0,"menu_order":0,"comment_status":"closed","ping_status":"closed","template":"template-full-width-grid-page.php","meta":{"footnotes":""},"class_list":["post-368","page","type-page","status-publish","hentry"],"_links":{"self":[{"href":"https:\/\/royalsuitesbesiktas.com.tr\/en\/wp-json\/wp\/v2\/pages\/368","targetHints":{"allow":["GET"]}}],"collection":[{"href":"https:\/\/royalsuitesbesiktas.com.tr\/en\/wp-json\/wp\/v2\/pages"}],"about":[{"href":"https:\/\/royalsuitesbesiktas.com.tr\/en\/wp-json\/wp\/v2\/types\/page"}],"author":[{"embeddable":true,"href":"https:\/\/royalsuitesbesiktas.com.tr\/en\/wp-json\/wp\/v2\/users\/1"}],"replies":[{"embeddable":true,"href":"https:\/\/royalsuitesbesiktas.com.tr\/en\/wp-json\/wp\/v2\/comments?post=368"}],"version-history":[{"count":2,"href":"https:\/\/royalsuitesbesiktas.com.tr\/en\/wp-json\/wp\/v2\/pages\/368\/revisions"}],"predecessor-version":[{"id":524,"href":"https:\/\/royalsuitesbesiktas.com.tr\/en\/wp-json\/wp\/v2\/pages\/368\/revisions\/524"}],"wp:attachment":[{"href":"https:\/\/royalsuitesbesiktas.com.tr\/en\/wp-json\/wp\/v2\/media?parent=368"}],"curies":[{"name":"wp","href":"https:\/\/api.w.org\/{rel}","templated":true}]}}