{"id":16,"date":"2017-05-16T13:40:41","date_gmt":"2017-05-16T13:40:41","guid":{"rendered":"http:\/\/themes.getmotopress.com\/oceanica\/?page_id=16"},"modified":"2024-07-24T15:59:47","modified_gmt":"2024-07-24T12:59:47","slug":"hotel","status":"publish","type":"page","link":"https:\/\/royalsuitesbesiktas.com.tr\/ru\/","title":{"rendered":"\u0414\u043e\u043c\u0430\u0448\u043d\u044f\u044f \u0441\u0442\u0440\u0430\u043d\u0438\u0446\u0430"},"content":{"rendered":"<h3 class=\"text-center\" style=\"text-align: center;\">\u0420\u043e\u044f\u043b \u0421\u044c\u044e\u0442\u0441 \u0411\u0435\u0448\u0438\u043a\u0442\u0430\u0448<\/h3>\n<p class=\"text-center\" style=\"text-align: center;\">\u041e\u0434\u043d\u043e\u043c\u0435\u0441\u0442\u043d\u044b\u0439 \u043d\u043e\u043c\u0435\u0440: 47 \u0435\u0432\u0440\u043e, \u0434\u0432\u0443\u0445\u043c\u0435\u0441\u0442\u043d\u044b\u0439 \u043d\u043e\u043c\u0435\u0440: 60 \u0435\u0432\u0440\u043e, \u0442\u0440\u0435\u0445\u043c\u0435\u0441\u0442\u043d\u044b\u0439 \u043d\u043e\u043c\u0435\u0440: 75 \u0435\u0432\u0440\u043e, \u0441\u0435\u043c\u0435\u0439\u043d\u044b\u0439 \u043d\u043e\u043c\u0435\u0440 (4 \u0447\u0435\u043b\u043e\u0432\u0435\u043a\u0430): 90 \u0435\u0432\u0440\u043e. \u041f\u043e\u0436\u0430\u043b\u0443\u0439\u0441\u0442\u0430, \u043d\u0430\u043f\u0438\u0448\u0438\u0442\u0435 \u043d\u0430\u043c \u043f\u043e \u0430\u0434\u0440\u0435\u0441\u0443 info@royalsuitesbesiktas.com.tr \u0438\u043b\u0438 \u043f\u043e\u0437\u0432\u043e\u043d\u0438\u0442\u0435 \u043d\u0430\u043c \u043f\u043e \u0442\u0435\u043b\u0435\u0444\u043e\u043d\u0443 +90 212 2364422 \u0434\u043b\u044f \u0432\u0441\u0435\u0445 \u0432\u0430\u0448\u0438\u0445 \u0431\u0440\u043e\u043d\u0438\u0440\u043e\u0432\u0430\u043d\u0438\u0439. \u0438 \u0441\u043f\u0435\u0446\u0438\u0430\u043b\u044c\u043d\u044b\u0435 \u0441\u043a\u0438\u0434\u043a\u0438, \u043a\u043e\u0442\u043e\u0440\u044b\u0435 \u043c\u0435\u043d\u044f\u044e\u0442\u0441\u044f \u0432 \u0437\u0430\u0432\u0438\u0441\u0438\u043c\u043e\u0441\u0442\u0438 \u043e\u0442 \u0434\u043d\u044f. \u041a \u0441\u043e\u0436\u0430\u043b\u0435\u043d\u0438\u044e, \u043d\u0430\u0448 \u043e\u0442\u0435\u043b\u044c \u043d\u0435 \u043f\u043e\u0434\u0445\u043e\u0434\u0438\u0442 \u0434\u043b\u044f \u043b\u044e\u0434\u0435\u0439 \u0441 \u043e\u0433\u0440\u0430\u043d\u0438\u0447\u0435\u043d\u043d\u044b\u043c\u0438 \u0432\u043e\u0437\u043c\u043e\u0436\u043d\u043e\u0441\u0442\u044f\u043c\u0438!!!<\/p>","protected":false},"excerpt":{"rendered":"<p>Royal Suites Besiktas Tek Ki\u015filik Oda: 47 Euro, \u00c7ift Ki\u015filik Oda: 60 Euro, \u00dc\u00e7 Ki\u015filik Oda: 75 Euro, Aile Odas\u0131 (4 Ki\u015filik): 90 Euro L\u00fctfen t\u00fcm rezervasyonlar\u0131n\u0131z ve g\u00fcne g\u00f6re de\u011fi\u015fen \u00f6zel indirimler i\u00e7in info@royalsuitesbesiktas.com.tr adresine e-mail at\u0131n veya +90 212 2364422 numaras\u0131ndan bizi aray\u0131n. Otelimiz maalesef engellilere uygun de\u011fildir !!!<\/p>","protected":false},"author":1,"featured_media":469,"parent":0,"menu_order":0,"comment_status":"closed","ping_status":"closed","template":"template-front-page.php","meta":{"footnotes":""},"class_list":["post-16","page","type-page","status-publish","has-post-thumbnail","hentry"],"_links":{"self":[{"href":"https:\/\/royalsuitesbesiktas.com.tr\/ru\/wp-json\/wp\/v2\/pages\/16","targetHints":{"allow":["GET"]}}],"collection":[{"href":"https:\/\/royalsuitesbesiktas.com.tr\/ru\/wp-json\/wp\/v2\/pages"}],"about":[{"href":"https:\/\/royalsuitesbesiktas.com.tr\/ru\/wp-json\/wp\/v2\/types\/page"}],"author":[{"embeddable":true,"href":"https:\/\/royalsuitesbesiktas.com.tr\/ru\/wp-json\/wp\/v2\/users\/1"}],"replies":[{"embeddable":true,"href":"https:\/\/royalsuitesbesiktas.com.tr\/ru\/wp-json\/wp\/v2\/comments?post=16"}],"version-history":[{"count":3,"href":"https:\/\/royalsuitesbesiktas.com.tr\/ru\/wp-json\/wp\/v2\/pages\/16\/revisions"}],"predecessor-version":[{"id":546,"href":"https:\/\/royalsuitesbesiktas.com.tr\/ru\/wp-json\/wp\/v2\/pages\/16\/revisions\/546"}],"wp:featuredmedia":[{"embeddable":true,"href":"https:\/\/royalsuitesbesiktas.com.tr\/ru\/wp-json\/wp\/v2\/media\/469"}],"wp:attachment":[{"href":"https:\/\/royalsuitesbesiktas.com.tr\/ru\/wp-json\/wp\/v2\/media?parent=16"}],"curies":[{"name":"wp","href":"https:\/\/api.w.org\/{rel}","templated":true}]}}