{"id":370,"date":"2017-06-07T19:41:04","date_gmt":"2017-06-07T19:41:04","guid":{"rendered":"http:\/\/themes.getmotopress.com\/oceanica\/?page_id=370"},"modified":"2024-07-24T16:47:21","modified_gmt":"2024-07-24T13:47:21","slug":"erken-rezervasyon","status":"publish","type":"page","link":"https:\/\/royalsuitesbesiktas.com.tr\/ru\/ozel-rezervasyonlar\/erken-rezervasyon","title":{"rendered":"\u0420\u0430\u043d\u043d\u0435\u0435 \u0431\u0440\u043e\u043d\u0438\u0440\u043e\u0432\u0430\u043d\u0438\u0435"},"content":{"rendered":"<p>Ayn\u0131 avantajlar\u0131 elde ederken biraz para ay\u0131rmak isteyenler i\u00e7in baz\u0131 harika indirimler haz\u0131rlad\u0131k. Bir oday\u0131 \u00f6nceden rezerve ederseniz, b\u00fcy\u00fck bir indirim elde edersiniz. Erken rezervasyonlar yapanlar, \u00e7e\u015fitli indirimlerden faydalanabilir. Ne kadar erken rezervasyon yaparsan\u0131z, o kadar d\u00fc\u015f\u00fck fiyatlar garanti edilir. Herhangi bir sorunuz varsa, l\u00fctfen bizimle ileti\u015fime ge\u00e7mekten \u00e7ekinmeyin. Kontrol etmenin en iyi yolu, rezervasyon formuna gidip giri\u015f ve \u00e7\u0131k\u0131\u015f tarihlerinizi belirtmektir.<\/p>","protected":false},"excerpt":{"rendered":"<p>Erken rezervasyon yaparak daha az harcay\u0131n<\/p>","protected":false},"author":1,"featured_media":83,"parent":368,"menu_order":0,"comment_status":"closed","ping_status":"closed","template":"template-full-width-grid-page.php","meta":{"footnotes":""},"class_list":["post-370","page","type-page","status-publish","has-post-thumbnail","hentry"],"_links":{"self":[{"href":"https:\/\/royalsuitesbesiktas.com.tr\/ru\/wp-json\/wp\/v2\/pages\/370","targetHints":{"allow":["GET"]}}],"collection":[{"href":"https:\/\/royalsuitesbesiktas.com.tr\/ru\/wp-json\/wp\/v2\/pages"}],"about":[{"href":"https:\/\/royalsuitesbesiktas.com.tr\/ru\/wp-json\/wp\/v2\/types\/page"}],"author":[{"embeddable":true,"href":"https:\/\/royalsuitesbesiktas.com.tr\/ru\/wp-json\/wp\/v2\/users\/1"}],"replies":[{"embeddable":true,"href":"https:\/\/royalsuitesbesiktas.com.tr\/ru\/wp-json\/wp\/v2\/comments?post=370"}],"version-history":[{"count":2,"href":"https:\/\/royalsuitesbesiktas.com.tr\/ru\/wp-json\/wp\/v2\/pages\/370\/revisions"}],"predecessor-version":[{"id":549,"href":"https:\/\/royalsuitesbesiktas.com.tr\/ru\/wp-json\/wp\/v2\/pages\/370\/revisions\/549"}],"up":[{"embeddable":true,"href":"https:\/\/royalsuitesbesiktas.com.tr\/ru\/wp-json\/wp\/v2\/pages\/368"}],"wp:featuredmedia":[{"embeddable":true,"href":"https:\/\/royalsuitesbesiktas.com.tr\/ru\/wp-json\/wp\/v2\/media\/83"}],"wp:attachment":[{"href":"https:\/\/royalsuitesbesiktas.com.tr\/ru\/wp-json\/wp\/v2\/media?parent=370"}],"curies":[{"name":"wp","href":"https:\/\/api.w.org\/{rel}","templated":true}]}}