{"id":388,"date":"2017-06-08T08:17:11","date_gmt":"2017-06-08T08:17:11","guid":{"rendered":"http:\/\/themes.getmotopress.com\/oceanica\/?page_id=388"},"modified":"2024-07-22T21:23:13","modified_gmt":"2024-07-22T18:23:13","slug":"sirketler-icin-rezervasyon","status":"publish","type":"page","link":"https:\/\/royalsuitesbesiktas.com.tr\/ru\/ozel-rezervasyonlar\/sirketler-icin-rezervasyon","title":{"rendered":"\u0411\u0440\u043e\u043d\u0438\u0440\u043e\u0432\u0430\u043d\u0438\u0435 \u0434\u043b\u044f \u043a\u043e\u043c\u043f\u0430\u043d\u0438\u0439"},"content":{"rendered":"<p>E\u011fer i\u015f seyahatindeyseniz, kurumsal seyahatler i\u00e7in en iyi oda rezervasyonunu kolayca bulabiliriz &#8211; grup seyahatleri i\u00e7in en iyi fiyatlar\u0131 ve odalar\u0131 bulman\u0131za yard\u0131mc\u0131 olabiliriz. Sadece ne zaman gelece\u011finizi ve ka\u00e7 g\u00fcn kalaca\u011f\u0131n\u0131z\u0131 bize \u00f6nceden bildirin &#8211; size en iyi ko\u015fullar\u0131 sa\u011flayaca\u011f\u0131m\u0131zdan emin olun. Dinlenmenin ve \u00e7al\u0131\u015fman\u0131n birbirine z\u0131t \u015feyler olmad\u0131\u011f\u0131n\u0131 g\u00f6receksiniz!<\/p>","protected":false},"excerpt":{"rendered":"<p>Kurumsal geziler i\u00e7in i\u015f teklifi<\/p>","protected":false},"author":1,"featured_media":80,"parent":368,"menu_order":0,"comment_status":"closed","ping_status":"closed","template":"template-full-width-grid-page.php","meta":{"footnotes":""},"class_list":["post-388","page","type-page","status-publish","has-post-thumbnail","hentry"],"_links":{"self":[{"href":"https:\/\/royalsuitesbesiktas.com.tr\/ru\/wp-json\/wp\/v2\/pages\/388","targetHints":{"allow":["GET"]}}],"collection":[{"href":"https:\/\/royalsuitesbesiktas.com.tr\/ru\/wp-json\/wp\/v2\/pages"}],"about":[{"href":"https:\/\/royalsuitesbesiktas.com.tr\/ru\/wp-json\/wp\/v2\/types\/page"}],"author":[{"embeddable":true,"href":"https:\/\/royalsuitesbesiktas.com.tr\/ru\/wp-json\/wp\/v2\/users\/1"}],"replies":[{"embeddable":true,"href":"https:\/\/royalsuitesbesiktas.com.tr\/ru\/wp-json\/wp\/v2\/comments?post=388"}],"version-history":[{"count":2,"href":"https:\/\/royalsuitesbesiktas.com.tr\/ru\/wp-json\/wp\/v2\/pages\/388\/revisions"}],"predecessor-version":[{"id":526,"href":"https:\/\/royalsuitesbesiktas.com.tr\/ru\/wp-json\/wp\/v2\/pages\/388\/revisions\/526"}],"up":[{"embeddable":true,"href":"https:\/\/royalsuitesbesiktas.com.tr\/ru\/wp-json\/wp\/v2\/pages\/368"}],"wp:featuredmedia":[{"embeddable":true,"href":"https:\/\/royalsuitesbesiktas.com.tr\/ru\/wp-json\/wp\/v2\/media\/80"}],"wp:attachment":[{"href":"https:\/\/royalsuitesbesiktas.com.tr\/ru\/wp-json\/wp\/v2\/media?parent=388"}],"curies":[{"name":"wp","href":"https:\/\/api.w.org\/{rel}","templated":true}]}}